{"id":223,"date":"2023-11-07T14:34:36","date_gmt":"2023-11-07T12:34:36","guid":{"rendered":"https:\/\/shop.e-an-na.com\/?page_id=223"},"modified":"2023-11-07T14:59:35","modified_gmt":"2023-11-07T12:59:35","slug":"cookies","status":"publish","type":"page","link":"https:\/\/shop.e-an-na.com\/en\/cookies\/","title":{"rendered":"Cookie Policy"},"content":{"rendered":"<section class=\"l-section wpb_row height_medium\"><div class=\"l-section-h i-cf\"><div class=\"g-cols vc_row via_flex valign_top type_default stacking_default\"><div class=\"vc_col-sm-12 wpb_column vc_column_container\"><div class=\"vc_column-inner\"><div class=\"wpb_wrapper\"><div class=\"wpb_text_column\"><div class=\"wpb_wrapper\"><h4>Introducere<\/h4>\n<p>Prezenta politic\u0103 privind fi\u0219ierele cookie se aplic\u0103 tuturor utilizatorilor paginii de internet shop.e-an-na.com. Informa\u021biile prezentate \u00een continuare au ca scop informarea utilizatorilor acestei pagini de internet cu privire la plasarea, utilizarea \u0219i administrarea cookie-urilor de c\u0103tre ASOCIA\u021aIA CULTURAL\u0102 \u0218IVOI \u00een contextul navig\u0103rii utilizatorilor pe aceast\u0103 pagin\u0103 de internet.<\/p>\n<h4>Ce sunt cookie-urile?<\/h4>\n<p>Folosim termenul \u201ccookie\u201d pentru a ne referi la tehnologia prin intermediul c\u0103reia pot fi colectate informa\u021bii \u00een mod automat.<\/p>\n<p>Un \u201ccookie\u201d (termen cunoscut \u0219i sub denumirea de \u201cbrowser cookie\u201d, \u201cinternet cookie\u201d sau \u201cHTTP cookie\u201d) reprezint\u0103 un fi\u0219ier de mici dimensiuni, format din litere \u0219i numere, care va fi stocat pe computerul, terminalul mobil sau orice alt echipament prin intermediul c\u0103ruia un utilizator acceseaz\u0103 pagina de internet.<\/p>\n<p>Cookie-urile sunt instalate prin solicitarea emis\u0103 de un server web c\u0103tre un browser (ex.: Chrome, Edge, Firefox). Odat\u0103 instalate, cookie-urile au o durat\u0103 de existen\u021b\u0103 determinat\u0103, r\u0103m\u00e2n\u00e2nd \u201cpasive\u201d, \u00een sensul c\u0103 nu con\u021bin programe software, viru\u0219i sau spyware \u0219i nu vor accesa informa\u021biile de pe echipamentul pe care au fost instalate.<\/p>\n<p>Un cookie este format din dou\u0103 p\u0103r\u021bi: numele cookie-ului \u0219i con\u021binutul (sau valoarea) cookie-ului.<\/p>\n<p>Din punct de vedere tehnic, doar serverul web care a trimis cookie-ul \u00eel poate accesa din nou, \u00een momentul \u00een care utilizatorul se \u00eentoarce pe pagina de internet gazduit\u0103 de serverul respectiv.<\/p>\n<h4>\u00cen ce scop sunt utilizate cookie-urile?<\/h4>\n<p>Cookie-urile sunt utilizate pentru a furniza utilizatorilor acestei pagini de internet o experien\u021b\u0103 mai bun\u0103 de navigare \u0219i servicii adaptate nevoilor \u0219i interesului fiec\u0103rui utilizator \u00een parte, precum:<\/p>\n<ul>\n<li>\u00eembun\u0103t\u0103\u021birea utiliz\u0103rii acestei pagini de internet, inclusiv prin identificarea oric\u0103ror erori care apar \u00een timpul vizit\u0103rii\/utiliz\u0103rii acesteia de c\u0103tre utilizatori;<\/li>\n<li>furnizarea de statistici anonime cu privire la modul \u00een care este utilizat\u0103 aceast\u0103 pagin\u0103 de internet c\u0103tre ASOCIA\u021aIA CULTURAL\u0102 \u0218IVOI, \u00een calitate de de\u021bin\u0103tor al acestei pagini de internet;<\/li>\n<li>anticiparea unor eventuale bunuri care vor fi puse la dispozi\u021bia utilizatorilor \u00een viitor, prin intermediul acestei pagini de internet, \u00een func\u021bie de serviciile sau produsele accesate.<\/li>\n<\/ul>\n<p>Pe baza r\u0103spunsului transmis prin cookie-uri \u00een leg\u0103tur\u0103 cu modul \u00een care se utilizeaz\u0103 aceast\u0103 pagin\u0103 de internet, ASOCIA\u021aIA CULTURAL\u0102 \u0218IVOI poate adopta m\u0103suri pentru ca aceast\u0103 pagin\u0103 de internet s\u0103 fie mai eficient\u0103 \u0219i mai accesibil\u0103 pentru utilizatori. Astfel, utilizarea cookie-urilor permite memorarea anumitor set\u0103ri sau preferin\u021be stabilite de c\u0103tre utilizatorii acestei pagini de internet, precum:<\/p>\n<ul>\n<li>limba \u00een care este vizualizat\u0103 o pagin\u0103 de internet;<\/li>\n<li>facilitarea accesului \u00een cont pentru utilizatori.<\/li>\n<\/ul>\n<h4>Care este durata de via\u021b\u0103 a cookie-urilor?<\/h4>\n<p>Durata de via\u021b\u0103 a cookie-urilor poate varia semnificativ, depinz\u00e2nd de scopul pentru care sunt plasate. Exist\u0103 urm\u0103toarele categorii de cookie-uri care determin\u0103 \u0219i durata de via\u021b\u0103 a acestora:<\/p>\n<ul>\n<li><strong>Cookie-uri de sesiune<\/strong> \u2013 un \u201ccookie de sesiune\u201d este \u0219ters automat c\u00e2nd utilizatorul \u00ee\u0219i \u00eenchide browserul.<\/li>\n<li><strong>Cookie-uri persistente sau fixe<\/strong> \u2013 un \u201ccookie persistent\u201d sau \u201cfix\u201d r\u0103m\u00e2ne stocat \u00een terminalul utilizatorului p\u00e2n\u0103 c\u00e2nd atinge o anumit\u0103 dat\u0103 de expirare (care poate fi de c\u00e2teva minute, zile sau c\u00e2\u021biva ani \u00een viitor) sau p\u00e2n\u0103 la \u0219tegerea acestuia de c\u0103tre utilizator, \u00een orice moment, prin intermediul set\u0103rilor browserului.<\/li>\n<\/ul>\n<h4>Ce sunt cookie-urile plasate de ter\u021bi?<\/h4>\n<p>Anumite sec\u021biuni de con\u021binut din pagina de internet pot fi furnizate prin intermediul unor ter\u021bi, adic\u0103 nu de c\u0103tre ASOCIA\u021aIA CULTURAL\u0102 \u0218IVOI, caz \u00een care aceste cookie-uri sunt denumite cookie-uri plasate de ter\u021bi (\u201cthird-party cookies\u201d). Ter\u021bii furnizori ai cookie-urilor trebuie s\u0103 respecte, de asemenea, regulile \u00een materie de protec\u021bie a datelor \u0219i politica de confiden\u021bialitate. Aceste cookie-uri pot proveni de la urmatorii ter\u021bi: Google, Facebook.<\/p>\n<h4>Ce cookie-uri sunt folosite prin intermediul acestui site?<\/h4>\n<p>Prin vizitarea acestei pagini de internet pot fi plasate urm\u0103toarele cookie-uri:<\/p>\n<p><strong>Cookie-uri de performan\u021b\u0103<br \/>\n<\/strong>Acestea memoreaz\u0103 preferin\u021bele utilizatorului acestei pagini de internet, astfel \u00eenc\u00e2t setarea din nou a preferin\u021belor \u00een cazul vizit\u0103rii ulterioare a paginii de internet nu mai este necesar\u0103.<\/p>\n<p><strong>Cookie-uri de analiz\u0103 a utilizatorilor<br \/>\n<\/strong>Acestea informeaz\u0103 dac\u0103 un anumit utilizator al paginii de internet a mai vizitat aceast\u0103 pagin\u0103 de internet anterior \u0219i sunt utilizate doar \u00een scopuri statistice.<\/p>\n<p><strong>Cookie-uri pentru \u00eenregistrare<br \/>\n<\/strong>Atunci c\u00e2nd v\u0103 \u00eenregistra\u021bi pe acest site, se genereaz\u0103 cookie-uri care memoreaz\u0103 acest demers. Serverul utilizeaz\u0103 aceste cookie-uri pentru a ne ar\u0103ta contul cu care sunte\u021bi \u00eenregistrat. De asemenea, utilizarea acestor cookie-uri permite s\u0103 asociem orice comentariu postat pe pagina de internet cu numele de utilizator al contului folosit. \u00cen cazul \u00een care nu a fost selectat\u0103 op\u021biunea \u201cp\u0103streaz\u0103-m\u0103 \u00eenregistrat\u201d, aceste cookie-uri se vor \u0219terge automat la momentul termin\u0103rii sesiunii de navigare.<\/p>\n<h4>Cum sunt stocate informa\u021biile de c\u0103tre cookie-uri?<\/h4>\n<p>Cookie-urile p\u0103streaz\u0103 informa\u021biile \u00eentr-un fi\u0219ier text de mici dimensiuni, recunoscut de c\u0103tre browser.<\/p>\n<h4>Cum pute\u021bi controla cookie-urile?<\/h4>\n<p>Dezactivarea op\u021biunii din browser de a accepta cookie-uri poate avea implica\u021bii importante, precum imposibilitatea acces\u0103rii unor site-uri. De aceea este important s\u0103 accepta\u021bi doar cookie-uri de la site-urile pe care le considera\u021bi de \u00eencredere. \u00cen orice moment ave\u021bi posibilitatea de a \u0219terge cookie-urile din browserul dumneavoastr\u0103. V\u0103 rug\u0103m s\u0103 selecta\u021bi din lista de mai jos browserul pe care \u00eel utiliza\u021bi pentru a modifica set\u0103rile de cookie.<\/p>\n<p>Set\u0103ri cookie \u00een Chrome: https:\/\/support.google.com\/chrome\/answer\/95647<br \/>\nSet\u0103ri cookie \u00een Edge: https:\/\/privacy.microsoft.com\/en-us\/windows-10-microsoft-edge-and-privacy<br \/>\nSet\u0103ri cookie \u00een Firefox: https:\/\/support.mozilla.org\/en-US\/kb\/enable-and-disable-cookies-website-preferences<br \/>\nSet\u0103ri cookie \u00een Safari: https:\/\/support.apple.com\/ro-ro\/guide\/safari\/sfri11471\/<\/p>\n<p>Accesarea \u0219i continuarea navig\u0103rii pe acest site se consider\u0103 acceptarea acestei politici privind fi\u0219ierele cookie. Dac\u0103 nu sunte\u021bi de acord cu utilizarea cookie-urilor sau cu orice prevederi ale prezentei politici, pute\u021bi bloca cookie-urile din set\u0103rile browser-ului dumneavoastr\u0103. Acest lucru nu v\u0103 va restric\u021biona accesul pe site-ul nostru.<\/p>\n<p>\u00cen cazul \u00een care ave\u021bi nevoie de mai multe informa\u021bii \u0219i ele nu se reg\u0103sesc mai sus, ne pute\u021bi contacta la: <a href=\"mailto:eanna.band@gmail.com\">eanna.band@gmail.com<\/a>.<\/p>\n<\/div><\/div><\/div><\/div><\/div><\/div><\/div><\/section>\n","protected":false},"excerpt":{"rendered":"Introducere Prezenta politic\u0103 privind fi\u0219ierele cookie se aplic\u0103 tuturor utilizatorilor paginii de internet shop.e-an-na.com. Informa\u021biile prezentate \u00een continuare au ca scop informarea utilizatorilor acestei pagini de internet cu privire la plasarea, utilizarea \u0219i administrarea cookie-urilor de c\u0103tre ASOCIA\u021aIA CULTURAL\u0102 \u0218IVOI \u00een contextul navig\u0103rii utilizatorilor pe aceast\u0103 pagin\u0103 de internet. Ce sunt cookie-urile? Folosim termenul \u201ccookie\u201d...","protected":false},"author":1,"featured_media":0,"parent":0,"menu_order":0,"comment_status":"closed","ping_status":"closed","template":"","meta":{"footnotes":""},"class_list":["post-223","page","type-page","status-publish","hentry"],"_links":{"self":[{"href":"https:\/\/shop.e-an-na.com\/en\/wp-json\/wp\/v2\/pages\/223","targetHints":{"allow":["GET"]}}],"collection":[{"href":"https:\/\/shop.e-an-na.com\/en\/wp-json\/wp\/v2\/pages"}],"about":[{"href":"https:\/\/shop.e-an-na.com\/en\/wp-json\/wp\/v2\/types\/page"}],"author":[{"embeddable":true,"href":"https:\/\/shop.e-an-na.com\/en\/wp-json\/wp\/v2\/users\/1"}],"replies":[{"embeddable":true,"href":"https:\/\/shop.e-an-na.com\/en\/wp-json\/wp\/v2\/comments?post=223"}],"version-history":[{"count":1,"href":"https:\/\/shop.e-an-na.com\/en\/wp-json\/wp\/v2\/pages\/223\/revisions"}],"predecessor-version":[{"id":224,"href":"https:\/\/shop.e-an-na.com\/en\/wp-json\/wp\/v2\/pages\/223\/revisions\/224"}],"wp:attachment":[{"href":"https:\/\/shop.e-an-na.com\/en\/wp-json\/wp\/v2\/media?parent=223"}],"curies":[{"name":"wp","href":"https:\/\/api.w.org\/{rel}","templated":true}]}}